{"id":85,"date":"2015-11-25T16:44:40","date_gmt":"2015-11-25T14:44:40","guid":{"rendered":"http:\/\/www.www.autocom-no.sk\/?page_id=85"},"modified":"2025-06-02T11:46:58","modified_gmt":"2025-06-02T09:46:58","slug":"kontakt","status":"publish","type":"page","link":"http:\/\/www.autocom-no.sk\/index.php\/kontakt\/","title":{"rendered":"Kontakt"},"content":{"rendered":"<div class=\"vc_row wpb_row row\"  >\n\t<div class=\"vc_col-sm-12 wpb_column vc_column_container \">\n\t\t<div class=\"wpb_wrapper\">\n\t\t\t\n\t<div class=\"wpb_text_column wpb_content_element \">\n\t\t<div class=\"wpb_wrapper\">\n\t\t\t<p><iframe loading=\"lazy\" style=\"border: 0;\" src=\"https:\/\/www.google.com\/maps\/embed?pb=!1m23!1m12!1m3!1d2595.5193203872604!2d19.488552399999996!3d49.41799520000001!2m3!1f0!2f0!3f0!3m2!1i1024!2i768!4f13.1!4m8!3e6!4m0!4m5!1s0x4715c8bf37c8aa25%3A0x6534ef7f52fc7d6b!2sAutocom+s.r.o%2C+Kli%C5%88ansk%C3%A1+cesta+976%2C+029+01+N%C3%A1mestovo!3m2!1d49.4179952!2d19.4885524!5e0!3m2!1sen!2ssk!4v1442852711999\" width=\"100%\" height=\"225\" frameborder=\"0\" allowfullscreen=\"allowfullscreen\"><\/iframe><\/p>\n\n\t\t<\/div> \n\t<\/div> \n\t\t<\/div> \n\t<\/div> \n<\/div><div class=\"vc_row-full-width\"><\/div>\t<div class=\"vc_row wpb_row row\"  >\n\t<div class=\"vc_col-sm-8 wpb_column vc_column_container \">\n\t\t<div class=\"wpb_wrapper\">\n\t\t\t\n<div class=\"wpcf7 no-js\" id=\"wpcf7-f22-o1\" lang=\"sk-SK\" dir=\"ltr\" data-wpcf7-id=\"22\">\n<div class=\"screen-reader-response\"><p role=\"status\" aria-live=\"polite\" aria-atomic=\"true\"><\/p> <ul><\/ul><\/div>\n<form action=\"\/index.php\/wp-json\/wp\/v2\/pages\/85#wpcf7-f22-o1\" method=\"post\" class=\"wpcf7-form init\" aria-label=\"Kontaktn\u00fd formul\u00e1r\" novalidate=\"novalidate\" data-status=\"init\">\n<fieldset class=\"hidden-fields-container\"><input type=\"hidden\" name=\"_wpcf7\" value=\"22\" \/><input type=\"hidden\" name=\"_wpcf7_version\" value=\"6.1.5\" \/><input type=\"hidden\" name=\"_wpcf7_locale\" value=\"sk_SK\" \/><input type=\"hidden\" name=\"_wpcf7_unit_tag\" value=\"wpcf7-f22-o1\" \/><input type=\"hidden\" name=\"_wpcf7_container_post\" value=\"0\" \/><input type=\"hidden\" name=\"_wpcf7_posted_data_hash\" value=\"\" \/>\n<\/fieldset>\n<p>Va\u0161e meno (povinn\u00e9)\n<\/p>\n<p><span class=\"wpcf7-form-control-wrap\" data-name=\"your-name\"><input size=\"40\" maxlength=\"400\" class=\"wpcf7-form-control wpcf7-text wpcf7-validates-as-required\" aria-required=\"true\" aria-invalid=\"false\" value=\"\" type=\"text\" name=\"your-name\" \/><\/span>\n<\/p>\n<p>V\u00e1\u0161 email (povinn\u00e9)\n<\/p>\n<p><span class=\"wpcf7-form-control-wrap\" data-name=\"your-email\"><input size=\"40\" maxlength=\"400\" class=\"wpcf7-form-control wpcf7-email wpcf7-validates-as-required wpcf7-text wpcf7-validates-as-email\" aria-required=\"true\" aria-invalid=\"false\" value=\"\" type=\"email\" name=\"your-email\" \/><\/span>\n<\/p>\n<p>Predmet\n<\/p>\n<p><span class=\"wpcf7-form-control-wrap\" data-name=\"your-subject\"><input size=\"40\" maxlength=\"400\" class=\"wpcf7-form-control wpcf7-text\" aria-invalid=\"false\" value=\"\" type=\"text\" name=\"your-subject\" \/><\/span>\n<\/p>\n<p>Va\u0161a spr\u00e1va\n<\/p>\n<p><span class=\"wpcf7-form-control-wrap\" data-name=\"your-message\"><textarea cols=\"40\" rows=\"10\" maxlength=\"2000\" class=\"wpcf7-form-control wpcf7-textarea\" aria-invalid=\"false\" name=\"your-message\"><\/textarea><\/span>\n<\/p>\n<p><input class=\"wpcf7-form-control wpcf7-submit has-spinner\" type=\"submit\" value=\"Odo\u0161li\" \/>\n<\/p><p style=\"display: none !important;\" class=\"akismet-fields-container\" data-prefix=\"_wpcf7_ak_\"><label>&#916;<textarea name=\"_wpcf7_ak_hp_textarea\" cols=\"45\" rows=\"8\" maxlength=\"100\"><\/textarea><\/label><input type=\"hidden\" id=\"ak_js_1\" name=\"_wpcf7_ak_js\" value=\"179\"\/><script type=\"text\/javascript\">\n\/* <![CDATA[ *\/\ndocument.getElementById( \"ak_js_1\" ).setAttribute( \"value\", ( new Date() ).getTime() );\n\/* ]]> *\/\n<\/script>\n<\/p><div class=\"wpcf7-response-output\" aria-hidden=\"true\"><\/div>\n<\/form>\n<\/div>\n\n\t\t<\/div> \n\t<\/div> \n\n\t<div class=\"vc_col-sm-4 wpb_column vc_column_container \">\n\t\t<div class=\"wpb_wrapper\">\n\t\t\t\n\t<div class=\"wpb_text_column wpb_content_element \">\n\t\t<div class=\"wpb_wrapper\">\n\t\t\t<h2><span style=\"color: #333333;\">KONTAKT<\/span><\/h2>\n<h3><span style=\"color: #333333;\">AutoCom s.r.o<\/span><\/h3>\n<p><span style=\"color: #333333;\">Kli\u0148ansk\u00e1 cesta 976<\/span><\/p>\n<p><span style=\"color: #333333;\">029 01 N\u00e1mestovo<\/span><\/p>\n<p><span style=\"color: #333333;\">I\u010c DPH : SK2020426485<\/span><\/p>\n<p><span style=\"color: #333333;\">I\u010cO : 00615196<\/span><\/p>\n<h4><span style=\"color: #333333;\">mail:<\/span><\/h4>\n<p><span style=\"color: #333333;\">autocom@autocom-no.sk<\/span><\/p>\n<p><span style=\"color: #333333;\">mjadron@autocom-no.sk<\/span><\/p>\n<h4>mobil:<\/h4>\n<p>0918 356 739<\/p>\n<h4><span style=\"color: #333333;\">tel:<\/span><\/h4>\n<p><span style=\"color: #333333;\">+421 &#8211; 43 &#8211; 5524845<\/span><\/p>\n<p><span style=\"color: #333333;\">+421 &#8211; 43 &#8211; 5522865<\/span><\/p>\n\n\t\t<\/div> \n\t<\/div> \n\t\t<\/div> \n\t<\/div> \n<\/div><div class=\"vc_row-full-width\"><\/div>\t<div class=\"vc_row wpb_row row\"  >\n\t<div class=\"vc_col-sm-12 wpb_column vc_column_container \">\n\t\t<div class=\"wpb_wrapper\">\n\t\t\t<br \/>\n\n\t\t<\/div> \n\t<\/div> \n<\/div><div class=\"vc_row-full-width\"><\/div>\n\n\n<figure class=\"wp-block-image size-large\"><a href=\"http:\/\/www.autocom-no.sk\/wp-content\/uploads\/2025\/06\/20250602_114516-scaled.jpg\"><img loading=\"lazy\" decoding=\"async\" width=\"1024\" height=\"768\" src=\"http:\/\/www.autocom-no.sk\/wp-content\/uploads\/2025\/06\/20250602_114516-1024x768.jpg\" alt=\"\" class=\"wp-image-10556\" srcset=\"http:\/\/www.autocom-no.sk\/wp-content\/uploads\/2025\/06\/20250602_114516-1024x768.jpg 1024w, http:\/\/www.autocom-no.sk\/wp-content\/uploads\/2025\/06\/20250602_114516-300x225.jpg 300w, http:\/\/www.autocom-no.sk\/wp-content\/uploads\/2025\/06\/20250602_114516-768x576.jpg 768w, http:\/\/www.autocom-no.sk\/wp-content\/uploads\/2025\/06\/20250602_114516-1536x1152.jpg 1536w, http:\/\/www.autocom-no.sk\/wp-content\/uploads\/2025\/06\/20250602_114516-2048x1536.jpg 2048w, http:\/\/www.autocom-no.sk\/wp-content\/uploads\/2025\/06\/20250602_114516-80x60.jpg 80w, http:\/\/www.autocom-no.sk\/wp-content\/uploads\/2025\/06\/20250602_114516-640x480.jpg 640w, http:\/\/www.autocom-no.sk\/wp-content\/uploads\/2025\/06\/20250602_114516-110x83.jpg 110w\" sizes=\"auto, (max-width: 1024px) 100vw, 1024px\" \/><\/a><\/figure>\n","protected":false},"excerpt":{"rendered":"Va\u0161e meno (povinn\u00e9) V\u00e1\u0161 email (povinn\u00e9) Predmet Va\u0161a spr\u00e1va &#916; \/* *\/ KONTAKT AutoCom s.r.o Kli\u0148ansk\u00e1 cesta 976 029 01 N\u00e1mestovo I\u010c DPH : SK2020426485 I\u010cO : 00615196 mail: autocom@autocom-no.sk &hellip; ","protected":false},"author":1,"featured_media":0,"parent":0,"menu_order":0,"comment_status":"closed","ping_status":"closed","template":"","meta":{"footnotes":""},"class_list":["post-85","page","type-page","status-publish","hentry","latest_post"],"_links":{"self":[{"href":"http:\/\/www.autocom-no.sk\/index.php\/wp-json\/wp\/v2\/pages\/85","targetHints":{"allow":["GET"]}}],"collection":[{"href":"http:\/\/www.autocom-no.sk\/index.php\/wp-json\/wp\/v2\/pages"}],"about":[{"href":"http:\/\/www.autocom-no.sk\/index.php\/wp-json\/wp\/v2\/types\/page"}],"author":[{"embeddable":true,"href":"http:\/\/www.autocom-no.sk\/index.php\/wp-json\/wp\/v2\/users\/1"}],"replies":[{"embeddable":true,"href":"http:\/\/www.autocom-no.sk\/index.php\/wp-json\/wp\/v2\/comments?post=85"}],"version-history":[{"count":7,"href":"http:\/\/www.autocom-no.sk\/index.php\/wp-json\/wp\/v2\/pages\/85\/revisions"}],"predecessor-version":[{"id":10557,"href":"http:\/\/www.autocom-no.sk\/index.php\/wp-json\/wp\/v2\/pages\/85\/revisions\/10557"}],"wp:attachment":[{"href":"http:\/\/www.autocom-no.sk\/index.php\/wp-json\/wp\/v2\/media?parent=85"}],"curies":[{"name":"wp","href":"https:\/\/api.w.org\/{rel}","templated":true}]}}