{"id":78,"date":"2015-11-25T16:44:23","date_gmt":"2015-11-25T14:44:23","guid":{"rendered":"http:\/\/www.www.autocom-no.sk\/?page_id=78"},"modified":"2025-01-10T10:31:05","modified_gmt":"2025-01-10T08:31:05","slug":"hydraulicke-valce","status":"publish","type":"page","link":"http:\/\/www.autocom-no.sk\/index.php\/hydraulicke-valce\/","title":{"rendered":"Hydraulick\u00e9 valce"},"content":{"rendered":"\t<div class=\"vc_row wpb_row row\"  >\n\t<div class=\"vc_col-sm-12 wpb_column vc_column_container \">\n\t\t<div class=\"wpb_wrapper\">\n\t\t\t\n\t<div class=\"wpb_text_column wpb_content_element \">\n\t\t<div class=\"wpb_wrapper\">\n\t\t\t<p>Na\u0161a firma taktie\u017e pon\u00faka opravu a v\u00fdrobu nov\u00fdch hydraulick\u00fdch valcov.<\/p>\n<ul>\n<li>Vieme vyrobi\u0165 a opravi\u0165 hydraulick\u00e9 valce\u00a0r\u00f4znych d\u013a\u017eok a priemerov.<\/li>\n<li>V\u00fdmena tesnen\u00ed<\/li>\n<li>Ak je po\u0161koden\u00e1 ty\u010d vieme ju vymeni\u0165 za nov\u00fa<\/li>\n<li>Na nov\u00fd alebo opraven\u00fd valec poskytujeme aj povrchov\u00fa \u00fapravu<\/li>\n<li>V ponuke m\u00e1me aj \u0161irok\u00fd sortiment uchytenia valcov<\/li>\n<\/ul>\n<p><strong>Dajte n\u00e1m vedie\u0165 ak\u00fd rozmer valca potrebujete popr\u00edpade doneste star\u00fd kus.\u00a0<\/strong><\/p>\n<p><a href=\"http:\/\/www.autocom-no.sk\/wp-content\/uploads\/2015\/11\/Hydraulic-Cylinder-3.jpg\" rel=\"attachment wp-att-1757\"><img decoding=\"async\" class=\"size-medium wp-image-1757 aligncenter\" src=\"http:\/\/www.autocom-no.sk\/wp-content\/uploads\/2015\/11\/Hydraulic-Cylinder-3-450x188.jpg\" alt=\"Hydraulic-Cylinder-3\" width=\"100%\" height=\"auto\" srcset=\"http:\/\/www.autocom-no.sk\/wp-content\/uploads\/2015\/11\/Hydraulic-Cylinder-3-450x188.jpg 450w, http:\/\/www.autocom-no.sk\/wp-content\/uploads\/2015\/11\/Hydraulic-Cylinder-3-250x105.jpg 250w, http:\/\/www.autocom-no.sk\/wp-content\/uploads\/2015\/11\/Hydraulic-Cylinder-3.jpg 500w\" sizes=\"(max-width: 450px) 100vw, 450px\" \/><\/a><\/p>\n\n\t\t<\/div> \n\t<\/div> \n\t\t<\/div> \n\t<\/div> \n<\/div><div class=\"vc_row-full-width\"><\/div>\n","protected":false},"excerpt":{"rendered":"Na\u0161a firma taktie\u017e pon\u00faka opravu a v\u00fdrobu nov\u00fdch hydraulick\u00fdch valcov. Vieme vyrobi\u0165 a opravi\u0165 hydraulick\u00e9 valce\u00a0r\u00f4znych d\u013a\u017eok a priemerov. V\u00fdmena tesnen\u00ed Ak je po\u0161koden\u00e1 ty\u010d vieme ju vymeni\u0165 za nov\u00fa &hellip; ","protected":false},"author":1,"featured_media":0,"parent":0,"menu_order":0,"comment_status":"closed","ping_status":"closed","template":"","meta":{"footnotes":""},"class_list":["post-78","page","type-page","status-publish","hentry","latest_post"],"_links":{"self":[{"href":"http:\/\/www.autocom-no.sk\/index.php\/wp-json\/wp\/v2\/pages\/78","targetHints":{"allow":["GET"]}}],"collection":[{"href":"http:\/\/www.autocom-no.sk\/index.php\/wp-json\/wp\/v2\/pages"}],"about":[{"href":"http:\/\/www.autocom-no.sk\/index.php\/wp-json\/wp\/v2\/types\/page"}],"author":[{"embeddable":true,"href":"http:\/\/www.autocom-no.sk\/index.php\/wp-json\/wp\/v2\/users\/1"}],"replies":[{"embeddable":true,"href":"http:\/\/www.autocom-no.sk\/index.php\/wp-json\/wp\/v2\/comments?post=78"}],"version-history":[{"count":11,"href":"http:\/\/www.autocom-no.sk\/index.php\/wp-json\/wp\/v2\/pages\/78\/revisions"}],"predecessor-version":[{"id":10518,"href":"http:\/\/www.autocom-no.sk\/index.php\/wp-json\/wp\/v2\/pages\/78\/revisions\/10518"}],"wp:attachment":[{"href":"http:\/\/www.autocom-no.sk\/index.php\/wp-json\/wp\/v2\/media?parent=78"}],"curies":[{"name":"wp","href":"https:\/\/api.w.org\/{rel}","templated":true}]}}