{"id":71,"date":"2015-11-25T16:44:06","date_gmt":"2015-11-25T14:44:06","guid":{"rendered":"http:\/\/www.www.autocom-no.sk\/?page_id=71"},"modified":"2016-06-06T20:31:55","modified_gmt":"2016-06-06T18:31:55","slug":"hydraulicke-hadice","status":"publish","type":"page","link":"http:\/\/www.autocom-no.sk\/index.php\/hydraulicke-hadice\/","title":{"rendered":"Hydraulick\u00e9 hadice"},"content":{"rendered":"<div class=\"vc_row wpb_row row\"  >\n\t<div class=\"vc_col-sm-12 wpb_column vc_column_container \">\n\t\t<div class=\"wpb_wrapper\">\n\t\t\t\n\t<div class=\"wpb_text_column wpb_content_element \">\n\t\t<div class=\"wpb_wrapper\">\n\t\t\t<p>Vykon\u00e1vame <strong>kompletiz\u00e1ciu hydraulick\u00fdch had\u00edc s koncovkami na mieru \u2013 <\/strong>pod\u013ea vzorky \u010di po\u017eiadavky z\u00e1kazn\u00edka (od DN 6 m do DN 25 mm vo v\u0161etk\u00fdch mo\u017en\u00fdch vyhotoveniach koncoviek<\/p>\n<p>Pon\u00fakame aj v\u00fdrobu had\u00ed cez internet kde mus\u00edte zada\u0165 inform\u00e1cie o va\u0161ej hadici v na\u0161om dokumente<strong>\u00a0<span style=\"color: #d74f00;\"><a style=\"color: #d74f00;\" href=\"http:\/\/www.www.autocom-no.sk\/wp-content\/uploads\/2015\/10\/hadice-autocom.docx\">hadice autocom<\/a><\/span><\/strong>\u00a0ktor\u00fd si stiahnete, vypln\u00edte a n\u00e1sledne n\u00e1m ho po\u0161lete na mail.<\/p>\n<p>Hadice V\u00e1m osad\u00edme v\u0161etk\u00fdmi koncovkami so z\u00e1vitmi, ktor\u00e9 sa v hydraulick\u00fdch obvodoch vyskytuj\u00fa.<\/p>\n<p>Ak budete potrebova\u0165 <strong>skrutkov\u00e9 spoje, hrdl\u00e1, spojky, redukcie, kolen\u00e1, t\u00e9\u010dka a in\u00e9 pr\u00edslu\u0161enstvo<\/strong> pre hydraulick\u00e9 okruhy \u2013 n\u00e1\u0161 sklad je V\u00e1m k dispoz\u00edcii!<\/p>\n<p><strong>Ak nepozn\u00e1te typ z\u00e1vitu, prineste si so sebou vzorku hadice, ktor\u00fa potrebujete opravi\u0165, my u\u017e v\u0161etko ostatn\u00e9 vyrie\u0161ime! V na\u0161ej predajni kde si m\u00f4\u017eete vybra\u0165 z na\u0161ej \u0161irokej ponuky.<\/strong><\/p>\n\n\t\t<\/div> \n\t<\/div> \n\t\t<\/div> \n\t<\/div> \n<\/div><div class=\"vc_row-full-width\"><\/div>\t<div class=\"vc_row wpb_row row\"  >\n\t<div class=\"vc_col-sm-3 wpb_column vc_column_container \">\n\t\t<div class=\"wpb_wrapper\">\n\t\t\t\n\t<div class=\"wpb_text_column wpb_content_element \">\n\t\t<div class=\"wpb_wrapper\">\n\t\t\t<p><strong><span style=\"color: #ff0000;\">kontakt :<\/span><\/strong><\/p>\n<p>Martin Jadro\u0148<\/p>\n<p>mail: mjadron@www.autocom-no.sk<\/p>\n<p>tel: 0918 356 739<\/p>\n\n\t\t<\/div> \n\t<\/div> \n\t\t<\/div> \n\t<\/div> \n\n\t<div class=\"vc_col-sm-9 wpb_column vc_column_container \">\n\t\t<div class=\"wpb_wrapper\">\n\t\t\t\n\t<div class=\"wpb_single_image wpb_content_element vc_align_right\">\n\t\t<div class=\"wpb_wrapper\">\n\t\t\t\n\t\t\t<div class=\"vc_single_image-wrapper   vc_box_border_grey\"><img loading=\"lazy\" decoding=\"async\" class=\"vc_single_image-img \" src=\"http:\/\/www.autocom-no.sk\/wp-content\/uploads\/2015\/11\/Untitled414-1-500x200.jpg\" width=\"500\" height=\"200\" alt=\"Untitled414-1\" title=\"Untitled414-1\" \/><\/div>\n\t\t<\/div> \n\t<\/div> \n\t\t<\/div> \n\t<\/div> \n<\/div><div class=\"vc_row-full-width\"><\/div>\n","protected":false},"excerpt":{"rendered":"Vykon\u00e1vame kompletiz\u00e1ciu hydraulick\u00fdch had\u00edc s koncovkami na mieru \u2013 pod\u013ea vzorky \u010di po\u017eiadavky z\u00e1kazn\u00edka (od DN 6 m do DN 25 mm vo v\u0161etk\u00fdch mo\u017en\u00fdch vyhotoveniach koncoviek Pon\u00fakame aj v\u00fdrobu &hellip; ","protected":false},"author":1,"featured_media":0,"parent":0,"menu_order":0,"comment_status":"closed","ping_status":"closed","template":"","meta":{"footnotes":""},"class_list":["post-71","page","type-page","status-publish","hentry","latest_post"],"_links":{"self":[{"href":"http:\/\/www.autocom-no.sk\/index.php\/wp-json\/wp\/v2\/pages\/71","targetHints":{"allow":["GET"]}}],"collection":[{"href":"http:\/\/www.autocom-no.sk\/index.php\/wp-json\/wp\/v2\/pages"}],"about":[{"href":"http:\/\/www.autocom-no.sk\/index.php\/wp-json\/wp\/v2\/types\/page"}],"author":[{"embeddable":true,"href":"http:\/\/www.autocom-no.sk\/index.php\/wp-json\/wp\/v2\/users\/1"}],"replies":[{"embeddable":true,"href":"http:\/\/www.autocom-no.sk\/index.php\/wp-json\/wp\/v2\/comments?post=71"}],"version-history":[{"count":6,"href":"http:\/\/www.autocom-no.sk\/index.php\/wp-json\/wp\/v2\/pages\/71\/revisions"}],"predecessor-version":[{"id":1808,"href":"http:\/\/www.autocom-no.sk\/index.php\/wp-json\/wp\/v2\/pages\/71\/revisions\/1808"}],"wp:attachment":[{"href":"http:\/\/www.autocom-no.sk\/index.php\/wp-json\/wp\/v2\/media?parent=71"}],"curies":[{"name":"wp","href":"https:\/\/api.w.org\/{rel}","templated":true}]}}