{"id":10560,"date":"2025-07-22T14:12:44","date_gmt":"2025-07-22T12:12:44","guid":{"rendered":"http:\/\/www.autocom-no.sk\/?page_id=10560"},"modified":"2025-07-22T14:35:11","modified_gmt":"2025-07-22T12:35:11","slug":"preprava","status":"publish","type":"page","link":"http:\/\/www.autocom-no.sk\/index.php\/preprava\/","title":{"rendered":"Nadrozmern\u00e1 preprava"},"content":{"rendered":"\n<p>Sme spolo\u010dnos\u0165 zaoberaj\u00faca sa vn\u00fatro\u0161t\u00e1tnou a medzin\u00e1rodnou prepravou nadrozmern\u00fdch n\u00e1kladov. Na trhu p\u00f4sob\u00edme u\u017e 10 rokov a m\u00e1me mnoho spokojn\u00fdch&nbsp;z\u00e1kazn\u00edkov.<\/p>\n\n\n\n<h4 class=\"wp-block-heading\">Na\u0161e slu\u017eby<\/h4>\n\n\n\n<p>Vn\u00fatro\u0161t\u00e1tna, ale aj medzin\u00e1rodn\u00e1 preprava nadrozmern\u00fdch n\u00e1kladov ako s\u00fa n\u00e1kladn\u00e9 aut\u00e1, po\u013enohospod\u00e1rske a lesn\u00e9 stroje, traktory, stavebn\u00e1 technika, p\u00e1sov\u00e9 a kolesov\u00e9 stroje &#8230;<\/p>\n\n\n\n<p class=\"has-text-align-center\">Kontakt <\/p>\n\n\n\n<p class=\"has-text-align-center\"><strong><a href=\"http:\/\/autocom-no.sk\/\" target=\"_blank\" rel=\"noreferrer noopener\">AutoCom s.r.o.<\/a><\/strong><br>Kli\u0148ansk\u00e1 cesta 976<br>029 01 N\u00e1mestovo<\/p>\n\n\n\n<p class=\"has-text-align-center\"><a href=\"mailto:jadron@autocom-no.sk\" target=\"_blank\" rel=\"noreferrer noopener\">jadron@autocom-no.sk<\/a><br>mobil : +421 \u2013 905 941 250<br>fax: +421 \u2013 43 \u2013 5524845<br>I\u010cO : 00615196 I\u010c DPH : SK2020426485<\/p>\n\n\n\n<p class=\"has-text-align-center\">Kontaktn\u00e1 osoba:<br><strong>Jozef Jadro\u0148 ml.<\/strong><\/p>\n\n\n\n<ul class=\"wp-block-list\">\n<li><a href=\"http:\/\/www.autocom-no.sk\/wp-content\/uploads\/2025\/07\/Prepravny-poriadok-c.1-AUTOCOM-s.ro_-2.pdf\"><strong>Prepravn\u00fd poriadok AutoCom<\/strong><\/a><\/li>\n<\/ul>\n\n\n\n<p><br><\/p>\n","protected":false},"excerpt":{"rendered":"<p>Sme spolo\u010dnos\u0165 zaoberaj\u00faca sa vn\u00fatro\u0161t\u00e1tnou a medzin\u00e1rodnou prepravou nadrozmern\u00fdch n\u00e1kladov. Na trhu p\u00f4sob\u00edme u\u017e 10 rokov a m\u00e1me mnoho spokojn\u00fdch&nbsp;z\u00e1kazn\u00edkov. Na\u0161e slu\u017eby Vn\u00fatro\u0161t\u00e1tna, ale aj medzin\u00e1rodn\u00e1 preprava nadrozmern\u00fdch n\u00e1kladov ako &hellip; <\/p>\n","protected":false},"author":1,"featured_media":0,"parent":0,"menu_order":0,"comment_status":"closed","ping_status":"closed","template":"","meta":{"footnotes":""},"class_list":["post-10560","page","type-page","status-publish","hentry","latest_post"],"_links":{"self":[{"href":"http:\/\/www.autocom-no.sk\/index.php\/wp-json\/wp\/v2\/pages\/10560","targetHints":{"allow":["GET"]}}],"collection":[{"href":"http:\/\/www.autocom-no.sk\/index.php\/wp-json\/wp\/v2\/pages"}],"about":[{"href":"http:\/\/www.autocom-no.sk\/index.php\/wp-json\/wp\/v2\/types\/page"}],"author":[{"embeddable":true,"href":"http:\/\/www.autocom-no.sk\/index.php\/wp-json\/wp\/v2\/users\/1"}],"replies":[{"embeddable":true,"href":"http:\/\/www.autocom-no.sk\/index.php\/wp-json\/wp\/v2\/comments?post=10560"}],"version-history":[{"count":4,"href":"http:\/\/www.autocom-no.sk\/index.php\/wp-json\/wp\/v2\/pages\/10560\/revisions"}],"predecessor-version":[{"id":10574,"href":"http:\/\/www.autocom-no.sk\/index.php\/wp-json\/wp\/v2\/pages\/10560\/revisions\/10574"}],"wp:attachment":[{"href":"http:\/\/www.autocom-no.sk\/index.php\/wp-json\/wp\/v2\/media?parent=10560"}],"curies":[{"name":"wp","href":"https:\/\/api.w.org\/{rel}","templated":true}]}}